{"id":24119,"date":"2024-03-20T20:30:18","date_gmt":"2024-03-20T20:30:18","guid":{"rendered":"https:\/\/romantic-knuth.185-216-178-122.plesk.page\/?page_id=24119"},"modified":"2025-05-26T07:23:18","modified_gmt":"2025-05-26T07:23:18","slug":"sertifikalarimiz","status":"publish","type":"page","link":"https:\/\/1kbara.com\/en\/sertifikalarimiz\/","title":{"rendered":"Certificates"},"content":{"rendered":"<div data-elementor-type=\"wp-page\" data-elementor-id=\"24119\" class=\"elementor elementor-24119\">\n\t\t\t\t<div class=\"wd-negative-gap elementor-element elementor-element-1c90c3f wd-section-stretch e-flex e-con-boxed e-con e-parent\" data-id=\"1c90c3f\" data-element_type=\"container\" data-e-type=\"container\" data-settings=\"{&quot;background_background&quot;:&quot;classic&quot;}\">\n\t\t\t\t\t<div class=\"e-con-inner\">\n\t\t\t\t<div class=\"elementor-element elementor-element-5d57672 elementor-widget__width-initial elementor-widget-tablet__width-inherit wd-width-100 elementor-widget elementor-widget-wd_title\" data-id=\"5d57672\" data-element_type=\"widget\" data-e-type=\"widget\" data-widget_type=\"wd_title.default\">\n\t\t\t\t<div class=\"elementor-widget-container\">\n\t\t\t\t\t\t\t<div class=\"title-wrapper wd-set-mb reset-last-child wd-title-color-primary wd-title-style-default wd-title-size-large text-left\">\n\n\t\t\t\t\t\t\t\t\t\t\t<div class=\"title-subtitle subtitle-color-primary subtitle-style-default wd-fontsize-xs\">\n\t\t\t\t\t1K Trolley Busbar\t\t\t\t<\/div>\n\t\t\t\n\t\t\t<div class=\"liner-continer\">\n\t\t\t\t<h4 class=\"woodmart-title-container title wd-fontsize-xxl\">OUR CERTIFICATES<\/h4> \n\t\t\t\t\t\t\t<\/div>\n\n\t\t\t\t\t<\/div>\n\t\t\t\t\t\t<\/div>\n\t\t\t\t<\/div>\n\t\t\t\t<div class=\"elementor-element elementor-element-9c05225 elementor-widget__width-initial elementor-widget elementor-widget-wd_infobox\" data-id=\"9c05225\" data-element_type=\"widget\" data-e-type=\"widget\" data-widget_type=\"wd_infobox.default\">\n\t\t\t\t<div class=\"elementor-widget-container\">\n\t\t\t\t\t\t\t<div class=\"info-box-wrapper\">\n\t\t\t<div class=\"wd-info-box text-left box-icon-align-top box-style-base color-scheme-\">\n\t\t\t\t\n\t\t\t\t<div class=\"info-box-content\">\n\t\t\t\t\t\n\t\t\t\t\t\n\t\t\t\t\t<div class=\"info-box-inner reset-last-child\"data-elementor-setting-key=\"content\"><\/div>\n\n\t\t\t\t\t\t\t\t\t<\/div>\n\n\t\t\t\t\t\t\t\t\t<a href=\"#\" class=\"wd-info-box-link wd-fill\" aria-label=\"Infobox link\"><\/a>\n\t\t\t\t\t\t\t<\/div>\n\t\t<\/div>\n\t\t\t\t\t\t<\/div>\n\t\t\t\t<\/div>\n\t\t\t\t<div class=\"elementor-element elementor-element-ec30bde elementor-widget__width-initial elementor-widget elementor-widget-wd_infobox\" data-id=\"ec30bde\" data-element_type=\"widget\" data-e-type=\"widget\" data-widget_type=\"wd_infobox.default\">\n\t\t\t\t<div class=\"elementor-widget-container\">\n\t\t\t\t\t\t\t<div class=\"info-box-wrapper\">\n\t\t\t<div class=\"wd-info-box text-left box-icon-align-top box-style-base color-scheme-\">\n\t\t\t\t\n\t\t\t\t<div class=\"info-box-content\">\n\t\t\t\t\t\n\t\t\t\t\t\n\t\t\t\t\t<div class=\"info-box-inner reset-last-child\"data-elementor-setting-key=\"content\"><\/div>\n\n\t\t\t\t\t\t\t\t\t<\/div>\n\n\t\t\t\t\t\t\t\t\t<a href=\"#\" class=\"wd-info-box-link wd-fill\" aria-label=\"Infobox link\"><\/a>\n\t\t\t\t\t\t\t<\/div>\n\t\t<\/div>\n\t\t\t\t\t\t<\/div>\n\t\t\t\t<\/div>\n\t\t\t\t\t<\/div>\n\t\t\t\t<\/div>\n\t\t<div class=\"wd-negative-gap elementor-element elementor-element-b4d8747 e-flex e-con-boxed e-con e-parent\" data-id=\"b4d8747\" data-element_type=\"container\" data-e-type=\"container\">\n\t\t\t\t\t<div class=\"e-con-inner\">\n\t\t\t\t<div class=\"elementor-element elementor-element-f0d7a7f elementor-widget elementor-widget-wd_accordion\" data-id=\"f0d7a7f\" data-element_type=\"widget\" data-e-type=\"widget\" data-widget_type=\"wd_accordion.default\">\n\t\t\t\t<div class=\"elementor-widget-container\">\n\t\t\t\t\t\n\t\t<div class=\"wd-accordion wd-style-default wd-titles-left wd-opener-pos-left wd-opener-style-arrow\" data-state=\"first\">\n\t\t\t\t\t\t\t\n\t\t\t\t<div class=\"wd-accordion-item\">\n\t\t\t\t\t<div class=\"wd-accordion-title wd-active\" data-accordion-index=\"0\">\n\t\t\t\t\t\t<div class=\"wd-accordion-title-text\">\n\t\t\t\t\t\t\t\t\t\t\t\t\t\t<span>\n\t\t\t\t\t\t\t\t1K CATALOG EN \/ TR\t\t\t\t\t\t\t<\/span>\n\t\t\t\t\t\t<\/div>\n\t\t\t\t\t\t<span class=\"wd-accordion-opener\"><\/span>\n\t\t\t\t\t<\/div>\n\n\t\t\t\t\t<div class=\"wd-accordion-content wd-entry-content wd-active\" data-accordion-index=\"0\">\n\t\t\t\t\t\t\t\t\t\t\t\t\t\n\t\t\t\t\t\t\t<p style=\"text-align: center;\"><a href=\"https:\/\/1kbara.com\/wp-content\/uploads\/2025\/05\/1K-KATALOG-2025-compressed.pdf\" target=\"_blank\" rel=\"noopener\"><img decoding=\"async\" class=\"alignnone wp-image-24129\" src=\"https:\/\/1kbara.com\/wp-content\/uploads\/2024\/03\/pdf-icon.png\" alt=\"\" width=\"64\" height=\"83\" \/><\/a><\/p>\n\t\t\t\t\t\t\t\t\t\t\t\t\t\t\t\t\t\t<\/div>\n\t\t\t\t<\/div>\n\t\t\t\t\t\t\t\n\t\t\t\t<div class=\"wd-accordion-item\">\n\t\t\t\t\t<div class=\"wd-accordion-title\" data-accordion-index=\"1\">\n\t\t\t\t\t\t<div class=\"wd-accordion-title-text\">\n\t\t\t\t\t\t\t\t\t\t\t\t\t\t<span>\n\t\t\t\t\t\t\t\t1K ISO 14001 - TR\t\t\t\t\t\t\t<\/span>\n\t\t\t\t\t\t<\/div>\n\t\t\t\t\t\t<span class=\"wd-accordion-opener\"><\/span>\n\t\t\t\t\t<\/div>\n\n\t\t\t\t\t<div class=\"wd-accordion-content wd-entry-content\" data-accordion-index=\"1\">\n\t\t\t\t\t\t\t\t\t\t\t\t\t\n\t\t\t\t\t\t\t<p style=\"text-align: center;\"><a href=\"https:\/\/1kbara.com\/wp-content\/uploads\/2024\/03\/ISO-14001-TR.pdf\"><img decoding=\"async\" class=\"alignnone wp-image-24129\" src=\"https:\/\/1kbara.com\/wp-content\/uploads\/2024\/03\/pdf-icon.png\" alt=\"\" width=\"64\" height=\"83\" \/><\/a><\/p>\n\t\t\t\t\t\t\t\t\t\t\t\t\t\t\t\t\t\t<\/div>\n\t\t\t\t<\/div>\n\t\t\t\t\t\t\t\n\t\t\t\t<div class=\"wd-accordion-item\">\n\t\t\t\t\t<div class=\"wd-accordion-title\" data-accordion-index=\"2\">\n\t\t\t\t\t\t<div class=\"wd-accordion-title-text\">\n\t\t\t\t\t\t\t\t\t\t\t\t\t\t<span>\n\t\t\t\t\t\t\t\t1K ISO 14001 - EN\t\t\t\t\t\t\t<\/span>\n\t\t\t\t\t\t<\/div>\n\t\t\t\t\t\t<span class=\"wd-accordion-opener\"><\/span>\n\t\t\t\t\t<\/div>\n\n\t\t\t\t\t<div class=\"wd-accordion-content wd-entry-content\" data-accordion-index=\"2\">\n\t\t\t\t\t\t\t\t\t\t\t\t\t\n\t\t\t\t\t\t\t<p style=\"text-align: center;\"><a href=\"https:\/\/1kbara.com\/wp-content\/uploads\/2024\/03\/ISO-14001-EN.pdf\"><img decoding=\"async\" class=\"alignnone wp-image-24129\" src=\"https:\/\/1kbara.com\/wp-content\/uploads\/2024\/03\/pdf-icon.png\" alt=\"\" width=\"64\" height=\"83\" \/><\/a><\/p>\n\t\t\t\t\t\t\t\t\t\t\t\t\t\t\t\t\t\t<\/div>\n\t\t\t\t<\/div>\n\t\t\t\t\t\t\t\n\t\t\t\t<div class=\"wd-accordion-item\">\n\t\t\t\t\t<div class=\"wd-accordion-title\" data-accordion-index=\"3\">\n\t\t\t\t\t\t<div class=\"wd-accordion-title-text\">\n\t\t\t\t\t\t\t\t\t\t\t\t\t\t<span>\n\t\t\t\t\t\t\t\t1K ISO 9001 - TR\t\t\t\t\t\t\t<\/span>\n\t\t\t\t\t\t<\/div>\n\t\t\t\t\t\t<span class=\"wd-accordion-opener\"><\/span>\n\t\t\t\t\t<\/div>\n\n\t\t\t\t\t<div class=\"wd-accordion-content wd-entry-content\" data-accordion-index=\"3\">\n\t\t\t\t\t\t\t\t\t\t\t\t\t\n\t\t\t\t\t\t\t<p style=\"text-align: center;\"><a href=\"https:\/\/1kbara.com\/wp-content\/uploads\/2024\/03\/ISO-9001-TR.pdf\"><img decoding=\"async\" class=\"alignnone wp-image-24129\" src=\"https:\/\/1kbara.com\/wp-content\/uploads\/2024\/03\/pdf-icon.png\" alt=\"\" width=\"64\" height=\"83\" \/><\/a><\/p>\n\t\t\t\t\t\t\t\t\t\t\t\t\t\t\t\t\t\t<\/div>\n\t\t\t\t<\/div>\n\t\t\t\t\t\t\t\n\t\t\t\t<div class=\"wd-accordion-item\">\n\t\t\t\t\t<div class=\"wd-accordion-title\" data-accordion-index=\"4\">\n\t\t\t\t\t\t<div class=\"wd-accordion-title-text\">\n\t\t\t\t\t\t\t\t\t\t\t\t\t\t<span>\n\t\t\t\t\t\t\t\t1K ISO 9001 - EN\t\t\t\t\t\t\t<\/span>\n\t\t\t\t\t\t<\/div>\n\t\t\t\t\t\t<span class=\"wd-accordion-opener\"><\/span>\n\t\t\t\t\t<\/div>\n\n\t\t\t\t\t<div class=\"wd-accordion-content wd-entry-content\" data-accordion-index=\"4\">\n\t\t\t\t\t\t\t\t\t\t\t\t\t\n\t\t\t\t\t\t\t<p style=\"text-align: center;\"><a href=\"https:\/\/1kbara.com\/wp-content\/uploads\/2024\/03\/ISO-9001-EN.pdf\"><img decoding=\"async\" class=\"alignnone wp-image-24129\" src=\"https:\/\/1kbara.com\/wp-content\/uploads\/2024\/03\/pdf-icon.png\" alt=\"\" width=\"64\" height=\"83\" \/><\/a><\/p>\n\t\t\t\t\t\t\t\t\t\t\t\t\t\t\t\t\t\t<\/div>\n\t\t\t\t<\/div>\n\t\t\t\t\t\t\t\n\t\t\t\t<div class=\"wd-accordion-item\">\n\t\t\t\t\t<div class=\"wd-accordion-title\" data-accordion-index=\"5\">\n\t\t\t\t\t\t<div class=\"wd-accordion-title-text\">\n\t\t\t\t\t\t\t\t\t\t\t\t\t\t<span>\n\t\t\t\t\t\t\t\t1K CE\t\t\t\t\t\t\t<\/span>\n\t\t\t\t\t\t<\/div>\n\t\t\t\t\t\t<span class=\"wd-accordion-opener\"><\/span>\n\t\t\t\t\t<\/div>\n\n\t\t\t\t\t<div class=\"wd-accordion-content wd-entry-content\" data-accordion-index=\"5\">\n\t\t\t\t\t\t\t\t\t\t\t\t\t\n\t\t\t\t\t\t\t<p style=\"text-align: center;\"><a href=\"https:\/\/1kbara.com\/wp-content\/uploads\/2024\/03\/1K-CE.jpg\"><img decoding=\"async\" class=\"alignnone wp-image-24129\" src=\"https:\/\/1kbara.com\/wp-content\/uploads\/2024\/03\/pdf-icon.png\" alt=\"\" width=\"64\" height=\"83\" \/><\/a><\/p>\n\t\t\t\t\t\t\t\t\t\t\t\t\t\t\t\t\t\t<\/div>\n\t\t\t\t<\/div>\n\t\t\t\t\t<\/div>\n\t\t\t\t\t\t<\/div>\n\t\t\t\t<\/div>\n\t\t\t\t\t<\/div>\n\t\t\t\t<\/div>\n\t\t\t\t<\/div>","protected":false},"excerpt":{"rendered":"<p>1K Trolley Busbar SERT\u0130F\u0130KALARIMIZ 1K KATALOG &#8211; EN \/ TR 1K ISO 14001 &#8211; TR 1K ISO 14001 &#8211; EN<\/p>","protected":false},"author":1,"featured_media":0,"parent":0,"menu_order":0,"comment_status":"closed","ping_status":"closed","template":"","meta":{"footnotes":""},"class_list":["post-24119","page","type-page","status-publish","hentry"],"yoast_head":"<!-- This site is optimized with the Yoast SEO plugin v27.4 - https:\/\/yoast.com\/product\/yoast-seo-wordpress\/ -->\n<title>Sertifikalar\u0131m\u0131z - 1K Trolley Busbar<\/title>\n<meta name=\"robots\" content=\"index, follow, max-snippet:-1, max-image-preview:large, max-video-preview:-1\" \/>\n<link rel=\"canonical\" href=\"https:\/\/1kbara.com\/en\/sertifikalarimiz\/\" \/>\n<meta property=\"og:locale\" content=\"en_US\" \/>\n<meta property=\"og:type\" content=\"article\" \/>\n<meta property=\"og:title\" content=\"Sertifikalar\u0131m\u0131z - 1K Trolley Busbar\" \/>\n<meta property=\"og:description\" content=\"1K Trolley Busbar SERT\u0130F\u0130KALARIMIZ 1K KATALOG &#8211; EN \/ TR 1K ISO 14001 &#8211; TR 1K ISO 14001 &#8211; EN\" \/>\n<meta property=\"og:url\" content=\"https:\/\/1kbara.com\/en\/sertifikalarimiz\/\" \/>\n<meta property=\"og:site_name\" content=\"1K Trolley Busbar\" \/>\n<meta property=\"article:publisher\" content=\"https:\/\/www.facebook.com\/1Kkutubara\/\" \/>\n<meta property=\"article:modified_time\" content=\"2025-05-26T07:23:18+00:00\" \/>\n<meta property=\"og:image\" content=\"https:\/\/1kbara.com\/wp-content\/uploads\/2024\/03\/pdf-icon.png\" \/>\n\t<meta property=\"og:image:width\" content=\"128\" \/>\n\t<meta property=\"og:image:height\" content=\"165\" \/>\n\t<meta property=\"og:image:type\" content=\"image\/png\" \/>\n<meta name=\"twitter:card\" content=\"summary_large_image\" \/>\n<meta name=\"twitter:label1\" content=\"Est. reading time\" \/>\n\t<meta name=\"twitter:data1\" content=\"2 minutes\" \/>\n<script type=\"application\/ld+json\" class=\"yoast-schema-graph\">{\"@context\":\"https:\\\/\\\/schema.org\",\"@graph\":[{\"@type\":\"WebPage\",\"@id\":\"https:\\\/\\\/1kbara.com\\\/sertifikalarimiz\\\/\",\"url\":\"https:\\\/\\\/1kbara.com\\\/sertifikalarimiz\\\/\",\"name\":\"Sertifikalar\u0131m\u0131z - 1K Trolley Busbar\",\"isPartOf\":{\"@id\":\"https:\\\/\\\/1kbara.com\\\/#website\"},\"primaryImageOfPage\":{\"@id\":\"https:\\\/\\\/1kbara.com\\\/sertifikalarimiz\\\/#primaryimage\"},\"image\":{\"@id\":\"https:\\\/\\\/1kbara.com\\\/sertifikalarimiz\\\/#primaryimage\"},\"thumbnailUrl\":\"https:\\\/\\\/1kbara.com\\\/wp-content\\\/uploads\\\/2024\\\/03\\\/pdf-icon.png\",\"datePublished\":\"2024-03-20T20:30:18+00:00\",\"dateModified\":\"2025-05-26T07:23:18+00:00\",\"breadcrumb\":{\"@id\":\"https:\\\/\\\/1kbara.com\\\/sertifikalarimiz\\\/#breadcrumb\"},\"inLanguage\":\"en-US\",\"potentialAction\":[{\"@type\":\"ReadAction\",\"target\":[\"https:\\\/\\\/1kbara.com\\\/sertifikalarimiz\\\/\"]}]},{\"@type\":\"ImageObject\",\"inLanguage\":\"en-US\",\"@id\":\"https:\\\/\\\/1kbara.com\\\/sertifikalarimiz\\\/#primaryimage\",\"url\":\"https:\\\/\\\/1kbara.com\\\/wp-content\\\/uploads\\\/2024\\\/03\\\/pdf-icon.png\",\"contentUrl\":\"https:\\\/\\\/1kbara.com\\\/wp-content\\\/uploads\\\/2024\\\/03\\\/pdf-icon.png\"},{\"@type\":\"BreadcrumbList\",\"@id\":\"https:\\\/\\\/1kbara.com\\\/sertifikalarimiz\\\/#breadcrumb\",\"itemListElement\":[{\"@type\":\"ListItem\",\"position\":1,\"name\":\"Home\",\"item\":\"https:\\\/\\\/1kbara.com\\\/\"},{\"@type\":\"ListItem\",\"position\":2,\"name\":\"Sertifikalar\u0131m\u0131z\"}]},{\"@type\":\"WebSite\",\"@id\":\"https:\\\/\\\/1kbara.com\\\/#website\",\"url\":\"https:\\\/\\\/1kbara.com\\\/\",\"name\":\"1K Kutu Bara | Busbar | Power Busbar\",\"description\":\"1K Bara D\u00fcnya i\u00e7in \u00fcretiyoruz\",\"publisher\":{\"@id\":\"https:\\\/\\\/1kbara.com\\\/#organization\"},\"potentialAction\":[{\"@type\":\"SearchAction\",\"target\":{\"@type\":\"EntryPoint\",\"urlTemplate\":\"https:\\\/\\\/1kbara.com\\\/?s={search_term_string}\"},\"query-input\":{\"@type\":\"PropertyValueSpecification\",\"valueRequired\":true,\"valueName\":\"search_term_string\"}}],\"inLanguage\":\"en-US\"},{\"@type\":\"Organization\",\"@id\":\"https:\\\/\\\/1kbara.com\\\/#organization\",\"name\":\"1K Kutu Bara | Busbar | Power Busbar\",\"url\":\"https:\\\/\\\/1kbara.com\\\/\",\"logo\":{\"@type\":\"ImageObject\",\"inLanguage\":\"en-US\",\"@id\":\"https:\\\/\\\/1kbara.com\\\/#\\\/schema\\\/logo\\\/image\\\/\",\"url\":\"https:\\\/\\\/1kbara.com\\\/wp-content\\\/uploads\\\/2024\\\/03\\\/1klogo1-removebg-preview.png\",\"contentUrl\":\"https:\\\/\\\/1kbara.com\\\/wp-content\\\/uploads\\\/2024\\\/03\\\/1klogo1-removebg-preview.png\",\"width\":176,\"height\":124,\"caption\":\"1K Kutu Bara | Busbar | Power Busbar\"},\"image\":{\"@id\":\"https:\\\/\\\/1kbara.com\\\/#\\\/schema\\\/logo\\\/image\\\/\"},\"sameAs\":[\"https:\\\/\\\/www.facebook.com\\\/1Kkutubara\\\/\",\"https:\\\/\\\/www.instagram.com\\\/1kkutubara\"]}]}<\/script>\n<!-- \/ Yoast SEO plugin. -->","yoast_head_json":{"title":"Sertifikalar\u0131m\u0131z - 1K Trolley Busbar","robots":{"index":"index","follow":"follow","max-snippet":"max-snippet:-1","max-image-preview":"max-image-preview:large","max-video-preview":"max-video-preview:-1"},"canonical":"https:\/\/1kbara.com\/en\/sertifikalarimiz\/","og_locale":"en_US","og_type":"article","og_title":"Sertifikalar\u0131m\u0131z - 1K Trolley Busbar","og_description":"1K Trolley Busbar SERT\u0130F\u0130KALARIMIZ 1K KATALOG &#8211; EN \/ TR 1K ISO 14001 &#8211; TR 1K ISO 14001 &#8211; EN","og_url":"https:\/\/1kbara.com\/en\/sertifikalarimiz\/","og_site_name":"1K Trolley Busbar","article_publisher":"https:\/\/www.facebook.com\/1Kkutubara\/","article_modified_time":"2025-05-26T07:23:18+00:00","og_image":[{"width":128,"height":165,"url":"https:\/\/1kbara.com\/wp-content\/uploads\/2024\/03\/pdf-icon.png","type":"image\/png"}],"twitter_card":"summary_large_image","twitter_misc":{"Est. reading time":"2 minutes"},"schema":{"@context":"https:\/\/schema.org","@graph":[{"@type":"WebPage","@id":"https:\/\/1kbara.com\/sertifikalarimiz\/","url":"https:\/\/1kbara.com\/sertifikalarimiz\/","name":"Sertifikalar\u0131m\u0131z - 1K Trolley Busbar","isPartOf":{"@id":"https:\/\/1kbara.com\/#website"},"primaryImageOfPage":{"@id":"https:\/\/1kbara.com\/sertifikalarimiz\/#primaryimage"},"image":{"@id":"https:\/\/1kbara.com\/sertifikalarimiz\/#primaryimage"},"thumbnailUrl":"https:\/\/1kbara.com\/wp-content\/uploads\/2024\/03\/pdf-icon.png","datePublished":"2024-03-20T20:30:18+00:00","dateModified":"2025-05-26T07:23:18+00:00","breadcrumb":{"@id":"https:\/\/1kbara.com\/sertifikalarimiz\/#breadcrumb"},"inLanguage":"en-US","potentialAction":[{"@type":"ReadAction","target":["https:\/\/1kbara.com\/sertifikalarimiz\/"]}]},{"@type":"ImageObject","inLanguage":"en-US","@id":"https:\/\/1kbara.com\/sertifikalarimiz\/#primaryimage","url":"https:\/\/1kbara.com\/wp-content\/uploads\/2024\/03\/pdf-icon.png","contentUrl":"https:\/\/1kbara.com\/wp-content\/uploads\/2024\/03\/pdf-icon.png"},{"@type":"BreadcrumbList","@id":"https:\/\/1kbara.com\/sertifikalarimiz\/#breadcrumb","itemListElement":[{"@type":"ListItem","position":1,"name":"Home","item":"https:\/\/1kbara.com\/"},{"@type":"ListItem","position":2,"name":"Sertifikalar\u0131m\u0131z"}]},{"@type":"WebSite","@id":"https:\/\/1kbara.com\/#website","url":"https:\/\/1kbara.com\/","name":"1K Kutu Bara | Busbar | Power Busbar","description":"1K Bara D\u00fcnya i\u00e7in \u00fcretiyoruz","publisher":{"@id":"https:\/\/1kbara.com\/#organization"},"potentialAction":[{"@type":"SearchAction","target":{"@type":"EntryPoint","urlTemplate":"https:\/\/1kbara.com\/?s={search_term_string}"},"query-input":{"@type":"PropertyValueSpecification","valueRequired":true,"valueName":"search_term_string"}}],"inLanguage":"en-US"},{"@type":"Organization","@id":"https:\/\/1kbara.com\/#organization","name":"1K Kutu Bara | Busbar | Power Busbar","url":"https:\/\/1kbara.com\/","logo":{"@type":"ImageObject","inLanguage":"en-US","@id":"https:\/\/1kbara.com\/#\/schema\/logo\/image\/","url":"https:\/\/1kbara.com\/wp-content\/uploads\/2024\/03\/1klogo1-removebg-preview.png","contentUrl":"https:\/\/1kbara.com\/wp-content\/uploads\/2024\/03\/1klogo1-removebg-preview.png","width":176,"height":124,"caption":"1K Kutu Bara | Busbar | Power Busbar"},"image":{"@id":"https:\/\/1kbara.com\/#\/schema\/logo\/image\/"},"sameAs":["https:\/\/www.facebook.com\/1Kkutubara\/","https:\/\/www.instagram.com\/1kkutubara"]}]}},"_links":{"self":[{"href":"https:\/\/1kbara.com\/en\/wp-json\/wp\/v2\/pages\/24119","targetHints":{"allow":["GET"]}}],"collection":[{"href":"https:\/\/1kbara.com\/en\/wp-json\/wp\/v2\/pages"}],"about":[{"href":"https:\/\/1kbara.com\/en\/wp-json\/wp\/v2\/types\/page"}],"author":[{"embeddable":true,"href":"https:\/\/1kbara.com\/en\/wp-json\/wp\/v2\/users\/1"}],"replies":[{"embeddable":true,"href":"https:\/\/1kbara.com\/en\/wp-json\/wp\/v2\/comments?post=24119"}],"version-history":[{"count":0,"href":"https:\/\/1kbara.com\/en\/wp-json\/wp\/v2\/pages\/24119\/revisions"}],"wp:attachment":[{"href":"https:\/\/1kbara.com\/en\/wp-json\/wp\/v2\/media?parent=24119"}],"curies":[{"name":"wp","href":"https:\/\/api.w.org\/{rel}","templated":true}]}}