{"id":24270,"date":"2024-04-06T10:48:48","date_gmt":"2024-04-06T10:48:48","guid":{"rendered":"https:\/\/romantic-knuth.185-216-178-122.plesk.page\/?page_id=24270"},"modified":"2024-12-29T10:59:04","modified_gmt":"2024-12-29T10:59:04","slug":"1k-yurtdisi-bayiler","status":"publish","type":"page","link":"https:\/\/1kbara.com\/en\/1k-yurtdisi-bayiler\/","title":{"rendered":"Overseas Dealers"},"content":{"rendered":"<div data-elementor-type=\"wp-page\" data-elementor-id=\"24270\" class=\"elementor elementor-24270\">\n\t\t\t\t<div class=\"wd-negative-gap elementor-element elementor-element-80473a0 e-flex e-con-boxed e-con e-parent\" data-id=\"80473a0\" data-element_type=\"container\" data-e-type=\"container\">\n\t\t\t\t\t<div class=\"e-con-inner\">\n\t\t\t\t<div class=\"elementor-element elementor-element-44cdc37 elementor-widget elementor-widget-image-gallery\" data-id=\"44cdc37\" data-element_type=\"widget\" data-e-type=\"widget\" data-widget_type=\"image-gallery.default\">\n\t\t\t\t<div class=\"elementor-widget-container\">\n\t\t\t\t\t\t\t<div class=\"elementor-image-gallery\">\n\t\t\t\t\t<\/div>\n\t\t\t\t\t\t<\/div>\n\t\t\t\t<\/div>\n\t\t\t\t\t<\/div>\n\t\t\t\t<\/div>\n\t\t\t\t<\/div>","protected":false},"excerpt":{"rendered":"<p>Ethiopia Nigeria Oman Bahrain Somalia Mozambique Libya Cyprus \u0130raq Egypt Yemen Qatar Saudi Arabia Belarus Azerbaijan Georgia Kyrgyzstan Uzbekistan Turkey<\/p>","protected":false},"author":1,"featured_media":0,"parent":0,"menu_order":0,"comment_status":"closed","ping_status":"open","template":"","meta":{"footnotes":""},"class_list":["post-24270","page","type-page","status-publish","hentry"],"yoast_head":"<!-- This site is optimized with the Yoast SEO plugin v27.4 - https:\/\/yoast.com\/product\/yoast-seo-wordpress\/ -->\n<title>Yurtd\u0131\u015f\u0131 Bayiler - 1K Trolley Busbar<\/title>\n<meta name=\"robots\" content=\"index, follow, max-snippet:-1, max-image-preview:large, max-video-preview:-1\" \/>\n<link rel=\"canonical\" href=\"https:\/\/1kbara.com\/en\/1k-yurtdisi-bayiler\/\" \/>\n<meta property=\"og:locale\" content=\"en_US\" \/>\n<meta property=\"og:type\" content=\"article\" \/>\n<meta property=\"og:title\" content=\"Yurtd\u0131\u015f\u0131 Bayiler - 1K Trolley Busbar\" \/>\n<meta property=\"og:description\" content=\"Ethiopia Nigeria Oman Bahrain Somalia Mozambique Libya Cyprus \u0130raq Egypt Yemen Qatar Saudi Arabia Belarus Azerbaijan Georgia Kyrgyzstan Uzbekistan Turkey\" \/>\n<meta property=\"og:url\" content=\"https:\/\/1kbara.com\/en\/1k-yurtdisi-bayiler\/\" \/>\n<meta property=\"og:site_name\" content=\"1K Trolley Busbar\" \/>\n<meta property=\"article:publisher\" content=\"https:\/\/www.facebook.com\/1Kkutubara\/\" \/>\n<meta property=\"article:modified_time\" content=\"2024-12-29T10:59:04+00:00\" \/>\n<meta property=\"og:image\" content=\"https:\/\/romantic-knuth.185-216-178-122.plesk.page\/wp-content\/uploads\/2024\/04\/ethiopia-flag-medium-150x150.jpg\" \/>\n<meta name=\"twitter:card\" content=\"summary_large_image\" \/>\n<script type=\"application\/ld+json\" class=\"yoast-schema-graph\">{\"@context\":\"https:\\\/\\\/schema.org\",\"@graph\":[{\"@type\":\"WebPage\",\"@id\":\"https:\\\/\\\/1kbara.com\\\/1k-yurtdisi-bayiler\\\/\",\"url\":\"https:\\\/\\\/1kbara.com\\\/1k-yurtdisi-bayiler\\\/\",\"name\":\"Yurtd\u0131\u015f\u0131 Bayiler - 1K Trolley Busbar\",\"isPartOf\":{\"@id\":\"https:\\\/\\\/1kbara.com\\\/#website\"},\"primaryImageOfPage\":{\"@id\":\"https:\\\/\\\/1kbara.com\\\/1k-yurtdisi-bayiler\\\/#primaryimage\"},\"image\":{\"@id\":\"https:\\\/\\\/1kbara.com\\\/1k-yurtdisi-bayiler\\\/#primaryimage\"},\"thumbnailUrl\":\"https:\\\/\\\/romantic-knuth.185-216-178-122.plesk.page\\\/wp-content\\\/uploads\\\/2024\\\/04\\\/ethiopia-flag-medium-150x150.jpg\",\"datePublished\":\"2024-04-06T10:48:48+00:00\",\"dateModified\":\"2024-12-29T10:59:04+00:00\",\"breadcrumb\":{\"@id\":\"https:\\\/\\\/1kbara.com\\\/1k-yurtdisi-bayiler\\\/#breadcrumb\"},\"inLanguage\":\"en-US\",\"potentialAction\":[{\"@type\":\"ReadAction\",\"target\":[\"https:\\\/\\\/1kbara.com\\\/1k-yurtdisi-bayiler\\\/\"]}]},{\"@type\":\"ImageObject\",\"inLanguage\":\"en-US\",\"@id\":\"https:\\\/\\\/1kbara.com\\\/1k-yurtdisi-bayiler\\\/#primaryimage\",\"url\":\"https:\\\/\\\/romantic-knuth.185-216-178-122.plesk.page\\\/wp-content\\\/uploads\\\/2024\\\/04\\\/ethiopia-flag-medium-150x150.jpg\",\"contentUrl\":\"https:\\\/\\\/romantic-knuth.185-216-178-122.plesk.page\\\/wp-content\\\/uploads\\\/2024\\\/04\\\/ethiopia-flag-medium-150x150.jpg\"},{\"@type\":\"BreadcrumbList\",\"@id\":\"https:\\\/\\\/1kbara.com\\\/1k-yurtdisi-bayiler\\\/#breadcrumb\",\"itemListElement\":[{\"@type\":\"ListItem\",\"position\":1,\"name\":\"Home\",\"item\":\"https:\\\/\\\/1kbara.com\\\/\"},{\"@type\":\"ListItem\",\"position\":2,\"name\":\"Yurtd\u0131\u015f\u0131 Bayiler\"}]},{\"@type\":\"WebSite\",\"@id\":\"https:\\\/\\\/1kbara.com\\\/#website\",\"url\":\"https:\\\/\\\/1kbara.com\\\/\",\"name\":\"1K Kutu Bara | Busbar | Power Busbar\",\"description\":\"1K Bara D\u00fcnya i\u00e7in \u00fcretiyoruz\",\"publisher\":{\"@id\":\"https:\\\/\\\/1kbara.com\\\/#organization\"},\"potentialAction\":[{\"@type\":\"SearchAction\",\"target\":{\"@type\":\"EntryPoint\",\"urlTemplate\":\"https:\\\/\\\/1kbara.com\\\/?s={search_term_string}\"},\"query-input\":{\"@type\":\"PropertyValueSpecification\",\"valueRequired\":true,\"valueName\":\"search_term_string\"}}],\"inLanguage\":\"en-US\"},{\"@type\":\"Organization\",\"@id\":\"https:\\\/\\\/1kbara.com\\\/#organization\",\"name\":\"1K Kutu Bara | Busbar | Power Busbar\",\"url\":\"https:\\\/\\\/1kbara.com\\\/\",\"logo\":{\"@type\":\"ImageObject\",\"inLanguage\":\"en-US\",\"@id\":\"https:\\\/\\\/1kbara.com\\\/#\\\/schema\\\/logo\\\/image\\\/\",\"url\":\"https:\\\/\\\/1kbara.com\\\/wp-content\\\/uploads\\\/2024\\\/03\\\/1klogo1-removebg-preview.png\",\"contentUrl\":\"https:\\\/\\\/1kbara.com\\\/wp-content\\\/uploads\\\/2024\\\/03\\\/1klogo1-removebg-preview.png\",\"width\":176,\"height\":124,\"caption\":\"1K Kutu Bara | Busbar | Power Busbar\"},\"image\":{\"@id\":\"https:\\\/\\\/1kbara.com\\\/#\\\/schema\\\/logo\\\/image\\\/\"},\"sameAs\":[\"https:\\\/\\\/www.facebook.com\\\/1Kkutubara\\\/\",\"https:\\\/\\\/www.instagram.com\\\/1kkutubara\"]}]}<\/script>\n<!-- \/ Yoast SEO plugin. -->","yoast_head_json":{"title":"Yurtd\u0131\u015f\u0131 Bayiler - 1K Trolley Busbar","robots":{"index":"index","follow":"follow","max-snippet":"max-snippet:-1","max-image-preview":"max-image-preview:large","max-video-preview":"max-video-preview:-1"},"canonical":"https:\/\/1kbara.com\/en\/1k-yurtdisi-bayiler\/","og_locale":"en_US","og_type":"article","og_title":"Yurtd\u0131\u015f\u0131 Bayiler - 1K Trolley Busbar","og_description":"Ethiopia Nigeria Oman Bahrain Somalia Mozambique Libya Cyprus \u0130raq Egypt Yemen Qatar Saudi Arabia Belarus Azerbaijan Georgia Kyrgyzstan Uzbekistan Turkey","og_url":"https:\/\/1kbara.com\/en\/1k-yurtdisi-bayiler\/","og_site_name":"1K Trolley Busbar","article_publisher":"https:\/\/www.facebook.com\/1Kkutubara\/","article_modified_time":"2024-12-29T10:59:04+00:00","og_image":[{"url":"https:\/\/romantic-knuth.185-216-178-122.plesk.page\/wp-content\/uploads\/2024\/04\/ethiopia-flag-medium-150x150.jpg","type":"","width":"","height":""}],"twitter_card":"summary_large_image","schema":{"@context":"https:\/\/schema.org","@graph":[{"@type":"WebPage","@id":"https:\/\/1kbara.com\/1k-yurtdisi-bayiler\/","url":"https:\/\/1kbara.com\/1k-yurtdisi-bayiler\/","name":"Yurtd\u0131\u015f\u0131 Bayiler - 1K Trolley Busbar","isPartOf":{"@id":"https:\/\/1kbara.com\/#website"},"primaryImageOfPage":{"@id":"https:\/\/1kbara.com\/1k-yurtdisi-bayiler\/#primaryimage"},"image":{"@id":"https:\/\/1kbara.com\/1k-yurtdisi-bayiler\/#primaryimage"},"thumbnailUrl":"https:\/\/romantic-knuth.185-216-178-122.plesk.page\/wp-content\/uploads\/2024\/04\/ethiopia-flag-medium-150x150.jpg","datePublished":"2024-04-06T10:48:48+00:00","dateModified":"2024-12-29T10:59:04+00:00","breadcrumb":{"@id":"https:\/\/1kbara.com\/1k-yurtdisi-bayiler\/#breadcrumb"},"inLanguage":"en-US","potentialAction":[{"@type":"ReadAction","target":["https:\/\/1kbara.com\/1k-yurtdisi-bayiler\/"]}]},{"@type":"ImageObject","inLanguage":"en-US","@id":"https:\/\/1kbara.com\/1k-yurtdisi-bayiler\/#primaryimage","url":"https:\/\/romantic-knuth.185-216-178-122.plesk.page\/wp-content\/uploads\/2024\/04\/ethiopia-flag-medium-150x150.jpg","contentUrl":"https:\/\/romantic-knuth.185-216-178-122.plesk.page\/wp-content\/uploads\/2024\/04\/ethiopia-flag-medium-150x150.jpg"},{"@type":"BreadcrumbList","@id":"https:\/\/1kbara.com\/1k-yurtdisi-bayiler\/#breadcrumb","itemListElement":[{"@type":"ListItem","position":1,"name":"Home","item":"https:\/\/1kbara.com\/"},{"@type":"ListItem","position":2,"name":"Yurtd\u0131\u015f\u0131 Bayiler"}]},{"@type":"WebSite","@id":"https:\/\/1kbara.com\/#website","url":"https:\/\/1kbara.com\/","name":"1K Kutu Bara | Busbar | Power Busbar","description":"1K Bara D\u00fcnya i\u00e7in \u00fcretiyoruz","publisher":{"@id":"https:\/\/1kbara.com\/#organization"},"potentialAction":[{"@type":"SearchAction","target":{"@type":"EntryPoint","urlTemplate":"https:\/\/1kbara.com\/?s={search_term_string}"},"query-input":{"@type":"PropertyValueSpecification","valueRequired":true,"valueName":"search_term_string"}}],"inLanguage":"en-US"},{"@type":"Organization","@id":"https:\/\/1kbara.com\/#organization","name":"1K Kutu Bara | Busbar | Power Busbar","url":"https:\/\/1kbara.com\/","logo":{"@type":"ImageObject","inLanguage":"en-US","@id":"https:\/\/1kbara.com\/#\/schema\/logo\/image\/","url":"https:\/\/1kbara.com\/wp-content\/uploads\/2024\/03\/1klogo1-removebg-preview.png","contentUrl":"https:\/\/1kbara.com\/wp-content\/uploads\/2024\/03\/1klogo1-removebg-preview.png","width":176,"height":124,"caption":"1K Kutu Bara | Busbar | Power Busbar"},"image":{"@id":"https:\/\/1kbara.com\/#\/schema\/logo\/image\/"},"sameAs":["https:\/\/www.facebook.com\/1Kkutubara\/","https:\/\/www.instagram.com\/1kkutubara"]}]}},"_links":{"self":[{"href":"https:\/\/1kbara.com\/en\/wp-json\/wp\/v2\/pages\/24270","targetHints":{"allow":["GET"]}}],"collection":[{"href":"https:\/\/1kbara.com\/en\/wp-json\/wp\/v2\/pages"}],"about":[{"href":"https:\/\/1kbara.com\/en\/wp-json\/wp\/v2\/types\/page"}],"author":[{"embeddable":true,"href":"https:\/\/1kbara.com\/en\/wp-json\/wp\/v2\/users\/1"}],"replies":[{"embeddable":true,"href":"https:\/\/1kbara.com\/en\/wp-json\/wp\/v2\/comments?post=24270"}],"version-history":[{"count":0,"href":"https:\/\/1kbara.com\/en\/wp-json\/wp\/v2\/pages\/24270\/revisions"}],"wp:attachment":[{"href":"https:\/\/1kbara.com\/en\/wp-json\/wp\/v2\/media?parent=24270"}],"curies":[{"name":"wp","href":"https:\/\/api.w.org\/{rel}","templated":true}]}}