{"id":24479,"date":"2025-01-13T21:39:16","date_gmt":"2025-01-13T21:39:16","guid":{"rendered":"https:\/\/1kbara.com\/?page_id=24479"},"modified":"2025-01-13T21:39:49","modified_gmt":"2025-01-13T21:39:49","slug":"bara-hesap-formulu","status":"publish","type":"page","link":"https:\/\/1kbara.com\/en\/bara-hesap-formulu\/","title":{"rendered":"Busbar Calculation Formula"},"content":{"rendered":"<style type=\"text\/css\">\n    #form-wrapper {\n        border: 1px solid #ccc;\n        padding: 20px;\n        margin-bottom: 20px;\n        border-radius: 8px;\n        box-shadow: 0 2px 5px rgba(0,0,0,0.1);\n        background: #f9f9f9;\n        width: 100%;\n        float: left;\n    }\n    #form-wrapper h2 {\n        margin-top: 0;\n        color: #69D23D;\n    }\n    .form-group {\n        margin-bottom: 15px;\n    }\n    .form-group label {\n        display: block;\n        margin-bottom: 5px;\n        font-weight: bold;\n    }\n    .form-group input.form-control {\n        width: 100%;\n        padding: 10px;\n        border: 1px solid #ddd;\n        border-radius: 4px;\n        font-size: 16px;\n    }\n    #btnSubmit {\n        padding: 10px 20px;\n        background: #69D23D;\n        color: #fff;\n        border: none;\n        border-radius: 4px;\n        cursor: pointer;\n        float: right;\n        font-size: 16px;\n    }\n    table.table {\n        border: 1px solid #ddd;\n        width: 100%;\n        border-collapse: collapse;\n        margin-bottom: 20px;\n    }\n    table.table thead {\n        background: #e9ecef;\n    }\n    table.table thead th {\n        text-align: center;\n        padding: 10px;\n        border: 1px solid #ddd;\n    }\n    table.table tbody tr td {\n        border: 1px solid #ddd;\n        text-align: center;\n        font-weight: bold;\n        padding: 10px;\n    }\n    <\/style>\n    \n    <div id=\"form-wrapper\">\n       <h2>Busbar Calculation Form<\/h2>\n       <form method=\"post\" action=\"\" data-trp-original-action=\"\">\n           <div class=\"form-group\">\n               <label>Please enter a length (in meters)...<\/label>\n               <input type=\"text\" name=\"metre\" class=\"form-control\" placeholder=\"Length (in meters)\" \n                      value=\"\" required>\n           <\/div>\n           <div class=\"form-group\">\n               <label>Please enter a power value (in kilowatts)...<\/label>\n               <input type=\"text\" name=\"kw\" class=\"form-control\" placeholder=\"Force (in kilowatts)\" \n                      value=\"\" required \/>\n           <\/div>\n           <div class=\"form-group\">\n               <button type=\"submit\" name=\"btnSubmit\" id=\"btnSubmit\">Calculate<\/button>\n           <\/div>\n       <input type=\"hidden\" name=\"trp-form-language\" value=\"en\"\/><\/form>\n    <\/div>","protected":false},"excerpt":{"rendered":"","protected":false},"author":1,"featured_media":0,"parent":0,"menu_order":0,"comment_status":"closed","ping_status":"closed","template":"","meta":{"footnotes":""},"class_list":["post-24479","page","type-page","status-publish","hentry"],"yoast_head":"<!-- This site is optimized with the Yoast SEO plugin v27.4 - https:\/\/yoast.com\/product\/yoast-seo-wordpress\/ -->\n<title>Bara Hesap Form\u00fcl\u00fc - 1K Trolley Busbar<\/title>\n<meta name=\"robots\" content=\"index, follow, max-snippet:-1, max-image-preview:large, max-video-preview:-1\" \/>\n<link rel=\"canonical\" href=\"https:\/\/1kbara.com\/en\/bara-hesap-formulu\/\" \/>\n<meta property=\"og:locale\" content=\"en_US\" \/>\n<meta property=\"og:type\" content=\"article\" \/>\n<meta property=\"og:title\" content=\"Bara Hesap Form\u00fcl\u00fc - 1K Trolley Busbar\" \/>\n<meta property=\"og:url\" content=\"https:\/\/1kbara.com\/en\/bara-hesap-formulu\/\" \/>\n<meta property=\"og:site_name\" content=\"1K Trolley Busbar\" \/>\n<meta property=\"article:publisher\" content=\"https:\/\/www.facebook.com\/1Kkutubara\/\" \/>\n<meta property=\"article:modified_time\" content=\"2025-01-13T21:39:49+00:00\" \/>\n<meta name=\"twitter:card\" content=\"summary_large_image\" \/>\n<meta name=\"twitter:label1\" content=\"Est. reading time\" \/>\n\t<meta name=\"twitter:data1\" content=\"1 minute\" \/>\n<script type=\"application\/ld+json\" class=\"yoast-schema-graph\">{\"@context\":\"https:\\\/\\\/schema.org\",\"@graph\":[{\"@type\":\"WebPage\",\"@id\":\"https:\\\/\\\/1kbara.com\\\/bara-hesap-formulu\\\/\",\"url\":\"https:\\\/\\\/1kbara.com\\\/bara-hesap-formulu\\\/\",\"name\":\"Bara Hesap Form\u00fcl\u00fc - 1K Trolley Busbar\",\"isPartOf\":{\"@id\":\"https:\\\/\\\/1kbara.com\\\/#website\"},\"datePublished\":\"2025-01-13T21:39:16+00:00\",\"dateModified\":\"2025-01-13T21:39:49+00:00\",\"breadcrumb\":{\"@id\":\"https:\\\/\\\/1kbara.com\\\/bara-hesap-formulu\\\/#breadcrumb\"},\"inLanguage\":\"en-US\",\"potentialAction\":[{\"@type\":\"ReadAction\",\"target\":[\"https:\\\/\\\/1kbara.com\\\/bara-hesap-formulu\\\/\"]}]},{\"@type\":\"BreadcrumbList\",\"@id\":\"https:\\\/\\\/1kbara.com\\\/bara-hesap-formulu\\\/#breadcrumb\",\"itemListElement\":[{\"@type\":\"ListItem\",\"position\":1,\"name\":\"Home\",\"item\":\"https:\\\/\\\/1kbara.com\\\/\"},{\"@type\":\"ListItem\",\"position\":2,\"name\":\"Bara Hesap Form\u00fcl\u00fc\"}]},{\"@type\":\"WebSite\",\"@id\":\"https:\\\/\\\/1kbara.com\\\/#website\",\"url\":\"https:\\\/\\\/1kbara.com\\\/\",\"name\":\"1K Kutu Bara | Busbar | Power Busbar\",\"description\":\"1K Bara D\u00fcnya i\u00e7in \u00fcretiyoruz\",\"publisher\":{\"@id\":\"https:\\\/\\\/1kbara.com\\\/#organization\"},\"potentialAction\":[{\"@type\":\"SearchAction\",\"target\":{\"@type\":\"EntryPoint\",\"urlTemplate\":\"https:\\\/\\\/1kbara.com\\\/?s={search_term_string}\"},\"query-input\":{\"@type\":\"PropertyValueSpecification\",\"valueRequired\":true,\"valueName\":\"search_term_string\"}}],\"inLanguage\":\"en-US\"},{\"@type\":\"Organization\",\"@id\":\"https:\\\/\\\/1kbara.com\\\/#organization\",\"name\":\"1K Kutu Bara | Busbar | Power Busbar\",\"url\":\"https:\\\/\\\/1kbara.com\\\/\",\"logo\":{\"@type\":\"ImageObject\",\"inLanguage\":\"en-US\",\"@id\":\"https:\\\/\\\/1kbara.com\\\/#\\\/schema\\\/logo\\\/image\\\/\",\"url\":\"https:\\\/\\\/1kbara.com\\\/wp-content\\\/uploads\\\/2024\\\/03\\\/1klogo1-removebg-preview.png\",\"contentUrl\":\"https:\\\/\\\/1kbara.com\\\/wp-content\\\/uploads\\\/2024\\\/03\\\/1klogo1-removebg-preview.png\",\"width\":176,\"height\":124,\"caption\":\"1K Kutu Bara | Busbar | Power Busbar\"},\"image\":{\"@id\":\"https:\\\/\\\/1kbara.com\\\/#\\\/schema\\\/logo\\\/image\\\/\"},\"sameAs\":[\"https:\\\/\\\/www.facebook.com\\\/1Kkutubara\\\/\",\"https:\\\/\\\/www.instagram.com\\\/1kkutubara\"]}]}<\/script>\n<!-- \/ Yoast SEO plugin. -->","yoast_head_json":{"title":"Bara Hesap Form\u00fcl\u00fc - 1K Trolley Busbar","robots":{"index":"index","follow":"follow","max-snippet":"max-snippet:-1","max-image-preview":"max-image-preview:large","max-video-preview":"max-video-preview:-1"},"canonical":"https:\/\/1kbara.com\/en\/bara-hesap-formulu\/","og_locale":"en_US","og_type":"article","og_title":"Bara Hesap Form\u00fcl\u00fc - 1K Trolley Busbar","og_url":"https:\/\/1kbara.com\/en\/bara-hesap-formulu\/","og_site_name":"1K Trolley Busbar","article_publisher":"https:\/\/www.facebook.com\/1Kkutubara\/","article_modified_time":"2025-01-13T21:39:49+00:00","twitter_card":"summary_large_image","twitter_misc":{"Est. reading time":"1 minute"},"schema":{"@context":"https:\/\/schema.org","@graph":[{"@type":"WebPage","@id":"https:\/\/1kbara.com\/bara-hesap-formulu\/","url":"https:\/\/1kbara.com\/bara-hesap-formulu\/","name":"Bara Hesap Form\u00fcl\u00fc - 1K Trolley Busbar","isPartOf":{"@id":"https:\/\/1kbara.com\/#website"},"datePublished":"2025-01-13T21:39:16+00:00","dateModified":"2025-01-13T21:39:49+00:00","breadcrumb":{"@id":"https:\/\/1kbara.com\/bara-hesap-formulu\/#breadcrumb"},"inLanguage":"en-US","potentialAction":[{"@type":"ReadAction","target":["https:\/\/1kbara.com\/bara-hesap-formulu\/"]}]},{"@type":"BreadcrumbList","@id":"https:\/\/1kbara.com\/bara-hesap-formulu\/#breadcrumb","itemListElement":[{"@type":"ListItem","position":1,"name":"Home","item":"https:\/\/1kbara.com\/"},{"@type":"ListItem","position":2,"name":"Bara Hesap Form\u00fcl\u00fc"}]},{"@type":"WebSite","@id":"https:\/\/1kbara.com\/#website","url":"https:\/\/1kbara.com\/","name":"1K Kutu Bara | Busbar | Power Busbar","description":"1K Bara D\u00fcnya i\u00e7in \u00fcretiyoruz","publisher":{"@id":"https:\/\/1kbara.com\/#organization"},"potentialAction":[{"@type":"SearchAction","target":{"@type":"EntryPoint","urlTemplate":"https:\/\/1kbara.com\/?s={search_term_string}"},"query-input":{"@type":"PropertyValueSpecification","valueRequired":true,"valueName":"search_term_string"}}],"inLanguage":"en-US"},{"@type":"Organization","@id":"https:\/\/1kbara.com\/#organization","name":"1K Kutu Bara | Busbar | Power Busbar","url":"https:\/\/1kbara.com\/","logo":{"@type":"ImageObject","inLanguage":"en-US","@id":"https:\/\/1kbara.com\/#\/schema\/logo\/image\/","url":"https:\/\/1kbara.com\/wp-content\/uploads\/2024\/03\/1klogo1-removebg-preview.png","contentUrl":"https:\/\/1kbara.com\/wp-content\/uploads\/2024\/03\/1klogo1-removebg-preview.png","width":176,"height":124,"caption":"1K Kutu Bara | Busbar | Power Busbar"},"image":{"@id":"https:\/\/1kbara.com\/#\/schema\/logo\/image\/"},"sameAs":["https:\/\/www.facebook.com\/1Kkutubara\/","https:\/\/www.instagram.com\/1kkutubara"]}]}},"_links":{"self":[{"href":"https:\/\/1kbara.com\/en\/wp-json\/wp\/v2\/pages\/24479","targetHints":{"allow":["GET"]}}],"collection":[{"href":"https:\/\/1kbara.com\/en\/wp-json\/wp\/v2\/pages"}],"about":[{"href":"https:\/\/1kbara.com\/en\/wp-json\/wp\/v2\/types\/page"}],"author":[{"embeddable":true,"href":"https:\/\/1kbara.com\/en\/wp-json\/wp\/v2\/users\/1"}],"replies":[{"embeddable":true,"href":"https:\/\/1kbara.com\/en\/wp-json\/wp\/v2\/comments?post=24479"}],"version-history":[{"count":0,"href":"https:\/\/1kbara.com\/en\/wp-json\/wp\/v2\/pages\/24479\/revisions"}],"wp:attachment":[{"href":"https:\/\/1kbara.com\/en\/wp-json\/wp\/v2\/media?parent=24479"}],"curies":[{"name":"wp","href":"https:\/\/api.w.org\/{rel}","templated":true}]}}