{"id":24971,"date":"2025-07-21T06:13:22","date_gmt":"2025-07-21T06:13:22","guid":{"rendered":"https:\/\/1kbara.com\/?post_type=product&#038;p=24971"},"modified":"2025-08-17T10:06:43","modified_gmt":"2025-08-17T10:06:43","slug":"1k-yld-r-90-kose-donus-modulu-3-000a-3-250a-3-500a","status":"publish","type":"product","link":"https:\/\/1kbara.com\/en\/product\/1k-yld-r-90-kose-donus-modulu-3-000a-3-250a-3-500a\/","title":{"rendered":"1K YLD-R 90\u00b0 K\u00f6\u015fe D\u00f6n\u00fc\u015f Mod\u00fcl\u00fc 3.000A-3.250A-3.500A"},"content":{"rendered":"","protected":false},"excerpt":{"rendered":"","protected":false},"featured_media":24959,"comment_status":"closed","ping_status":"closed","template":"","meta":[],"product_brand":[],"product_cat":[266,138],"product_tag":[255,256,257,260],"class_list":{"0":"post-24971","1":"product","2":"type-product","3":"status-publish","4":"has-post-thumbnail","6":"product_cat-donus-elemanlari","7":"product_cat-1k-power-busbar","8":"product_tag-3-000a","9":"product_tag-3-250a","10":"product_tag-3-500a","11":"product_tag-90-donus-modulu","13":"first","14":"instock","15":"shipping-taxable","16":"product-type-simple"},"yoast_head":"<!-- This site is optimized with the Yoast SEO plugin v27.4 - https:\/\/yoast.com\/product\/yoast-seo-wordpress\/ -->\n<title>1K YLD-R 90\u00b0 K\u00f6\u015fe D\u00f6n\u00fc\u015f Mod\u00fcl\u00fc 3.000A-3.250A-3.500A - 1K Trolley Busbar<\/title>\n<meta name=\"robots\" content=\"index, follow, max-snippet:-1, max-image-preview:large, max-video-preview:-1\" \/>\n<link rel=\"canonical\" href=\"https:\/\/1kbara.com\/en\/product\/1k-yld-r-90-kose-donus-modulu-3-000a-3-250a-3-500a\/\" \/>\n<meta property=\"og:locale\" content=\"en_US\" \/>\n<meta property=\"og:type\" content=\"article\" \/>\n<meta property=\"og:title\" content=\"1K YLD-R 90\u00b0 K\u00f6\u015fe D\u00f6n\u00fc\u015f Mod\u00fcl\u00fc 3.000A-3.250A-3.500A - 1K Trolley Busbar\" \/>\n<meta property=\"og:url\" content=\"https:\/\/1kbara.com\/en\/product\/1k-yld-r-90-kose-donus-modulu-3-000a-3-250a-3-500a\/\" \/>\n<meta property=\"og:site_name\" content=\"1K Trolley Busbar\" \/>\n<meta property=\"article:publisher\" content=\"https:\/\/www.facebook.com\/1Kkutubara\/\" \/>\n<meta property=\"article:modified_time\" content=\"2025-08-17T10:06:43+00:00\" \/>\n<meta property=\"og:image\" content=\"https:\/\/1kbara.com\/wp-content\/uploads\/2025\/07\/22-scaled.jpg\" \/>\n\t<meta property=\"og:image:width\" content=\"2560\" \/>\n\t<meta property=\"og:image:height\" content=\"2560\" \/>\n\t<meta property=\"og:image:type\" content=\"image\/jpeg\" \/>\n<meta name=\"twitter:card\" content=\"summary_large_image\" \/>\n<meta name=\"twitter:label1\" content=\"Est. reading time\" \/>\n\t<meta name=\"twitter:data1\" content=\"1 minute\" \/>\n<script type=\"application\/ld+json\" class=\"yoast-schema-graph\">{\"@context\":\"https:\\\/\\\/schema.org\",\"@graph\":[{\"@type\":\"WebPage\",\"@id\":\"https:\\\/\\\/1kbara.com\\\/urun\\\/1k-yld-r-90-kose-donus-modulu-3-000a-3-250a-3-500a\\\/\",\"url\":\"https:\\\/\\\/1kbara.com\\\/urun\\\/1k-yld-r-90-kose-donus-modulu-3-000a-3-250a-3-500a\\\/\",\"name\":\"1K YLD-R 90\u00b0 K\u00f6\u015fe D\u00f6n\u00fc\u015f Mod\u00fcl\u00fc 3.000A-3.250A-3.500A - 1K Trolley Busbar\",\"isPartOf\":{\"@id\":\"https:\\\/\\\/1kbara.com\\\/#website\"},\"primaryImageOfPage\":{\"@id\":\"https:\\\/\\\/1kbara.com\\\/urun\\\/1k-yld-r-90-kose-donus-modulu-3-000a-3-250a-3-500a\\\/#primaryimage\"},\"image\":{\"@id\":\"https:\\\/\\\/1kbara.com\\\/urun\\\/1k-yld-r-90-kose-donus-modulu-3-000a-3-250a-3-500a\\\/#primaryimage\"},\"thumbnailUrl\":\"https:\\\/\\\/1kbara.com\\\/wp-content\\\/uploads\\\/2025\\\/07\\\/22-scaled.jpg\",\"datePublished\":\"2025-07-21T06:13:22+00:00\",\"dateModified\":\"2025-08-17T10:06:43+00:00\",\"breadcrumb\":{\"@id\":\"https:\\\/\\\/1kbara.com\\\/urun\\\/1k-yld-r-90-kose-donus-modulu-3-000a-3-250a-3-500a\\\/#breadcrumb\"},\"inLanguage\":\"en-US\",\"potentialAction\":[{\"@type\":\"ReadAction\",\"target\":[\"https:\\\/\\\/1kbara.com\\\/urun\\\/1k-yld-r-90-kose-donus-modulu-3-000a-3-250a-3-500a\\\/\"]}]},{\"@type\":\"ImageObject\",\"inLanguage\":\"en-US\",\"@id\":\"https:\\\/\\\/1kbara.com\\\/urun\\\/1k-yld-r-90-kose-donus-modulu-3-000a-3-250a-3-500a\\\/#primaryimage\",\"url\":\"https:\\\/\\\/1kbara.com\\\/wp-content\\\/uploads\\\/2025\\\/07\\\/22-scaled.jpg\",\"contentUrl\":\"https:\\\/\\\/1kbara.com\\\/wp-content\\\/uploads\\\/2025\\\/07\\\/22-scaled.jpg\",\"width\":2560,\"height\":2560},{\"@type\":\"BreadcrumbList\",\"@id\":\"https:\\\/\\\/1kbara.com\\\/urun\\\/1k-yld-r-90-kose-donus-modulu-3-000a-3-250a-3-500a\\\/#breadcrumb\",\"itemListElement\":[{\"@type\":\"ListItem\",\"position\":1,\"name\":\"Home\",\"item\":\"https:\\\/\\\/1kbara.com\\\/\"},{\"@type\":\"ListItem\",\"position\":2,\"name\":\"\u00dcr\u00fcnler\",\"item\":\"https:\\\/\\\/1kbara.com\\\/urunler\\\/\"},{\"@type\":\"ListItem\",\"position\":3,\"name\":\"1K YLD-R 90\u00b0 K\u00f6\u015fe D\u00f6n\u00fc\u015f Mod\u00fcl\u00fc 3.000A-3.250A-3.500A\"}]},{\"@type\":\"WebSite\",\"@id\":\"https:\\\/\\\/1kbara.com\\\/#website\",\"url\":\"https:\\\/\\\/1kbara.com\\\/\",\"name\":\"1K Kutu Bara | Busbar | Power Busbar\",\"description\":\"1K Bara D\u00fcnya i\u00e7in \u00fcretiyoruz\",\"publisher\":{\"@id\":\"https:\\\/\\\/1kbara.com\\\/#organization\"},\"potentialAction\":[{\"@type\":\"SearchAction\",\"target\":{\"@type\":\"EntryPoint\",\"urlTemplate\":\"https:\\\/\\\/1kbara.com\\\/?s={search_term_string}\"},\"query-input\":{\"@type\":\"PropertyValueSpecification\",\"valueRequired\":true,\"valueName\":\"search_term_string\"}}],\"inLanguage\":\"en-US\"},{\"@type\":\"Organization\",\"@id\":\"https:\\\/\\\/1kbara.com\\\/#organization\",\"name\":\"1K Kutu Bara | Busbar | Power Busbar\",\"url\":\"https:\\\/\\\/1kbara.com\\\/\",\"logo\":{\"@type\":\"ImageObject\",\"inLanguage\":\"en-US\",\"@id\":\"https:\\\/\\\/1kbara.com\\\/#\\\/schema\\\/logo\\\/image\\\/\",\"url\":\"https:\\\/\\\/1kbara.com\\\/wp-content\\\/uploads\\\/2024\\\/03\\\/1klogo1-removebg-preview.png\",\"contentUrl\":\"https:\\\/\\\/1kbara.com\\\/wp-content\\\/uploads\\\/2024\\\/03\\\/1klogo1-removebg-preview.png\",\"width\":176,\"height\":124,\"caption\":\"1K Kutu Bara | Busbar | Power Busbar\"},\"image\":{\"@id\":\"https:\\\/\\\/1kbara.com\\\/#\\\/schema\\\/logo\\\/image\\\/\"},\"sameAs\":[\"https:\\\/\\\/www.facebook.com\\\/1Kkutubara\\\/\",\"https:\\\/\\\/www.instagram.com\\\/1kkutubara\"]}]}<\/script>\n<!-- \/ Yoast SEO plugin. -->","yoast_head_json":{"title":"1K YLD-R 90\u00b0 K\u00f6\u015fe D\u00f6n\u00fc\u015f Mod\u00fcl\u00fc 3.000A-3.250A-3.500A - 1K Trolley Busbar","robots":{"index":"index","follow":"follow","max-snippet":"max-snippet:-1","max-image-preview":"max-image-preview:large","max-video-preview":"max-video-preview:-1"},"canonical":"https:\/\/1kbara.com\/en\/product\/1k-yld-r-90-kose-donus-modulu-3-000a-3-250a-3-500a\/","og_locale":"en_US","og_type":"article","og_title":"1K YLD-R 90\u00b0 K\u00f6\u015fe D\u00f6n\u00fc\u015f Mod\u00fcl\u00fc 3.000A-3.250A-3.500A - 1K Trolley Busbar","og_url":"https:\/\/1kbara.com\/en\/product\/1k-yld-r-90-kose-donus-modulu-3-000a-3-250a-3-500a\/","og_site_name":"1K Trolley Busbar","article_publisher":"https:\/\/www.facebook.com\/1Kkutubara\/","article_modified_time":"2025-08-17T10:06:43+00:00","og_image":[{"width":2560,"height":2560,"url":"https:\/\/1kbara.com\/wp-content\/uploads\/2025\/07\/22-scaled.jpg","type":"image\/jpeg"}],"twitter_card":"summary_large_image","twitter_misc":{"Est. reading time":"1 minute"},"schema":{"@context":"https:\/\/schema.org","@graph":[{"@type":"WebPage","@id":"https:\/\/1kbara.com\/urun\/1k-yld-r-90-kose-donus-modulu-3-000a-3-250a-3-500a\/","url":"https:\/\/1kbara.com\/urun\/1k-yld-r-90-kose-donus-modulu-3-000a-3-250a-3-500a\/","name":"1K YLD-R 90\u00b0 K\u00f6\u015fe D\u00f6n\u00fc\u015f Mod\u00fcl\u00fc 3.000A-3.250A-3.500A - 1K Trolley Busbar","isPartOf":{"@id":"https:\/\/1kbara.com\/#website"},"primaryImageOfPage":{"@id":"https:\/\/1kbara.com\/urun\/1k-yld-r-90-kose-donus-modulu-3-000a-3-250a-3-500a\/#primaryimage"},"image":{"@id":"https:\/\/1kbara.com\/urun\/1k-yld-r-90-kose-donus-modulu-3-000a-3-250a-3-500a\/#primaryimage"},"thumbnailUrl":"https:\/\/1kbara.com\/wp-content\/uploads\/2025\/07\/22-scaled.jpg","datePublished":"2025-07-21T06:13:22+00:00","dateModified":"2025-08-17T10:06:43+00:00","breadcrumb":{"@id":"https:\/\/1kbara.com\/urun\/1k-yld-r-90-kose-donus-modulu-3-000a-3-250a-3-500a\/#breadcrumb"},"inLanguage":"en-US","potentialAction":[{"@type":"ReadAction","target":["https:\/\/1kbara.com\/urun\/1k-yld-r-90-kose-donus-modulu-3-000a-3-250a-3-500a\/"]}]},{"@type":"ImageObject","inLanguage":"en-US","@id":"https:\/\/1kbara.com\/urun\/1k-yld-r-90-kose-donus-modulu-3-000a-3-250a-3-500a\/#primaryimage","url":"https:\/\/1kbara.com\/wp-content\/uploads\/2025\/07\/22-scaled.jpg","contentUrl":"https:\/\/1kbara.com\/wp-content\/uploads\/2025\/07\/22-scaled.jpg","width":2560,"height":2560},{"@type":"BreadcrumbList","@id":"https:\/\/1kbara.com\/urun\/1k-yld-r-90-kose-donus-modulu-3-000a-3-250a-3-500a\/#breadcrumb","itemListElement":[{"@type":"ListItem","position":1,"name":"Home","item":"https:\/\/1kbara.com\/"},{"@type":"ListItem","position":2,"name":"\u00dcr\u00fcnler","item":"https:\/\/1kbara.com\/urunler\/"},{"@type":"ListItem","position":3,"name":"1K YLD-R 90\u00b0 K\u00f6\u015fe D\u00f6n\u00fc\u015f Mod\u00fcl\u00fc 3.000A-3.250A-3.500A"}]},{"@type":"WebSite","@id":"https:\/\/1kbara.com\/#website","url":"https:\/\/1kbara.com\/","name":"1K Kutu Bara | Busbar | Power Busbar","description":"1K Bara D\u00fcnya i\u00e7in \u00fcretiyoruz","publisher":{"@id":"https:\/\/1kbara.com\/#organization"},"potentialAction":[{"@type":"SearchAction","target":{"@type":"EntryPoint","urlTemplate":"https:\/\/1kbara.com\/?s={search_term_string}"},"query-input":{"@type":"PropertyValueSpecification","valueRequired":true,"valueName":"search_term_string"}}],"inLanguage":"en-US"},{"@type":"Organization","@id":"https:\/\/1kbara.com\/#organization","name":"1K Kutu Bara | Busbar | Power Busbar","url":"https:\/\/1kbara.com\/","logo":{"@type":"ImageObject","inLanguage":"en-US","@id":"https:\/\/1kbara.com\/#\/schema\/logo\/image\/","url":"https:\/\/1kbara.com\/wp-content\/uploads\/2024\/03\/1klogo1-removebg-preview.png","contentUrl":"https:\/\/1kbara.com\/wp-content\/uploads\/2024\/03\/1klogo1-removebg-preview.png","width":176,"height":124,"caption":"1K Kutu Bara | Busbar | Power Busbar"},"image":{"@id":"https:\/\/1kbara.com\/#\/schema\/logo\/image\/"},"sameAs":["https:\/\/www.facebook.com\/1Kkutubara\/","https:\/\/www.instagram.com\/1kkutubara"]}]}},"_links":{"self":[{"href":"https:\/\/1kbara.com\/en\/wp-json\/wp\/v2\/product\/24971","targetHints":{"allow":["GET"]}}],"collection":[{"href":"https:\/\/1kbara.com\/en\/wp-json\/wp\/v2\/product"}],"about":[{"href":"https:\/\/1kbara.com\/en\/wp-json\/wp\/v2\/types\/product"}],"replies":[{"embeddable":true,"href":"https:\/\/1kbara.com\/en\/wp-json\/wp\/v2\/comments?post=24971"}],"version-history":[{"count":0,"href":"https:\/\/1kbara.com\/en\/wp-json\/wp\/v2\/product\/24971\/revisions"}],"wp:featuredmedia":[{"embeddable":true,"href":"https:\/\/1kbara.com\/en\/wp-json\/wp\/v2\/media\/24959"}],"wp:attachment":[{"href":"https:\/\/1kbara.com\/en\/wp-json\/wp\/v2\/media?parent=24971"}],"wp:term":[{"taxonomy":"product_brand","embeddable":true,"href":"https:\/\/1kbara.com\/en\/wp-json\/wp\/v2\/product_brand?post=24971"},{"taxonomy":"product_cat","embeddable":true,"href":"https:\/\/1kbara.com\/en\/wp-json\/wp\/v2\/product_cat?post=24971"},{"taxonomy":"product_tag","embeddable":true,"href":"https:\/\/1kbara.com\/en\/wp-json\/wp\/v2\/product_tag?post=24971"}],"curies":[{"name":"wp","href":"https:\/\/api.w.org\/{rel}","templated":true}]}}