{"id":372,"date":"2021-08-27T11:59:19","date_gmt":"2021-08-27T11:59:19","guid":{"rendered":"http:\/\/dummy.xtemos.com\/woodmart2\/elementor\/?post_type=product&#038;p=372"},"modified":"2025-01-24T12:32:16","modified_gmt":"2025-01-24T12:32:16","slug":"tirnakli-ek-kapak","status":"publish","type":"product","link":"https:\/\/1kbara.com\/en\/product\/tirnakli-ek-kapak\/","title":{"rendered":"T\u0131rnakl\u0131 Ek Kapak"},"content":{"rendered":"","protected":false},"excerpt":{"rendered":"<p>Kapal\u0131 bar sistemlerimiz vin\u00e7lerin enerji ta\u015f\u0131ma i\u015fleri i\u00e7in kullan\u0131lan sistemlerdir. \u00d6zel tasarlanm\u0131\u015f kapal\u0131 pvc profil i\u00e7inde bak\u0131r bar yollar\u0131 mevcuttur. Enerji arabas\u0131 ile enerjiyi vin\u00e7lere iletir. \u00dcr\u00fcnlerimiz d\u00fcz vin\u00e7 yollar\u0131nda kullan\u0131ma uygundur A\u00e7\u0131k alanlarda kapal\u0131 alanlarda ve k\u0131smen kimyasal buhar\u0131na maruz kalan buharl\u0131 ortamlarda kullan\u0131m\u0131 uygundur .<\/p>","protected":false},"featured_media":24743,"comment_status":"closed","ping_status":"closed","template":"","meta":[],"product_brand":[],"product_cat":[130],"product_tag":[181,185],"class_list":{"0":"post-372","1":"product","2":"type-product","3":"status-publish","4":"has-post-thumbnail","6":"product_cat-kutu-bara","7":"product_tag-1k-tirnakli-ek-kapak","8":"product_tag-1k-trolley-busbar","10":"first","11":"instock","12":"shipping-taxable","13":"product-type-simple"},"yoast_head":"<!-- This site is optimized with the Yoast SEO plugin v27.4 - https:\/\/yoast.com\/product\/yoast-seo-wordpress\/ -->\n<title>T\u0131rnakl\u0131 Ek Kapak - 1K Trolley Busbar<\/title>\n<meta name=\"robots\" content=\"index, follow, max-snippet:-1, max-image-preview:large, max-video-preview:-1\" \/>\n<link rel=\"canonical\" href=\"https:\/\/1kbara.com\/en\/product\/tirnakli-ek-kapak\/\" \/>\n<meta property=\"og:locale\" content=\"en_US\" \/>\n<meta property=\"og:type\" content=\"article\" \/>\n<meta property=\"og:title\" content=\"T\u0131rnakl\u0131 Ek Kapak - 1K Trolley Busbar\" \/>\n<meta property=\"og:description\" content=\"Kapal\u0131 bar sistemlerimiz vin\u00e7lerin enerji ta\u015f\u0131ma i\u015fleri i\u00e7in kullan\u0131lan sistemlerdir. \u00d6zel tasarlanm\u0131\u015f kapal\u0131 pvc profil i\u00e7inde bak\u0131r bar yollar\u0131 mevcuttur. Enerji arabas\u0131 ile enerjiyi vin\u00e7lere iletir. \u00dcr\u00fcnlerimiz d\u00fcz vin\u00e7 yollar\u0131nda kullan\u0131ma uygundur A\u00e7\u0131k alanlarda kapal\u0131 alanlarda ve k\u0131smen kimyasal buhar\u0131na maruz kalan buharl\u0131 ortamlarda kullan\u0131m\u0131 uygundur .\" \/>\n<meta property=\"og:url\" content=\"https:\/\/1kbara.com\/en\/product\/tirnakli-ek-kapak\/\" \/>\n<meta property=\"og:site_name\" content=\"1K Trolley Busbar\" \/>\n<meta property=\"article:publisher\" content=\"https:\/\/www.facebook.com\/1Kkutubara\/\" \/>\n<meta property=\"article:modified_time\" content=\"2025-01-24T12:32:16+00:00\" \/>\n<meta property=\"og:image\" content=\"https:\/\/1kbara.com\/wp-content\/uploads\/2021\/08\/65-scaled.jpg\" \/>\n\t<meta property=\"og:image:width\" content=\"2560\" \/>\n\t<meta property=\"og:image:height\" content=\"2560\" \/>\n\t<meta property=\"og:image:type\" content=\"image\/jpeg\" \/>\n<meta name=\"twitter:card\" content=\"summary_large_image\" \/>\n<meta name=\"twitter:label1\" content=\"Est. reading time\" \/>\n\t<meta name=\"twitter:data1\" content=\"1 minute\" \/>\n<script type=\"application\/ld+json\" class=\"yoast-schema-graph\">{\"@context\":\"https:\\\/\\\/schema.org\",\"@graph\":[{\"@type\":\"WebPage\",\"@id\":\"https:\\\/\\\/1kbara.com\\\/urun\\\/tirnakli-ek-kapak\\\/\",\"url\":\"https:\\\/\\\/1kbara.com\\\/urun\\\/tirnakli-ek-kapak\\\/\",\"name\":\"T\u0131rnakl\u0131 Ek Kapak - 1K Trolley Busbar\",\"isPartOf\":{\"@id\":\"https:\\\/\\\/1kbara.com\\\/#website\"},\"primaryImageOfPage\":{\"@id\":\"https:\\\/\\\/1kbara.com\\\/urun\\\/tirnakli-ek-kapak\\\/#primaryimage\"},\"image\":{\"@id\":\"https:\\\/\\\/1kbara.com\\\/urun\\\/tirnakli-ek-kapak\\\/#primaryimage\"},\"thumbnailUrl\":\"https:\\\/\\\/1kbara.com\\\/wp-content\\\/uploads\\\/2021\\\/08\\\/65-scaled.jpg\",\"datePublished\":\"2021-08-27T11:59:19+00:00\",\"dateModified\":\"2025-01-24T12:32:16+00:00\",\"breadcrumb\":{\"@id\":\"https:\\\/\\\/1kbara.com\\\/urun\\\/tirnakli-ek-kapak\\\/#breadcrumb\"},\"inLanguage\":\"en-US\",\"potentialAction\":[{\"@type\":\"ReadAction\",\"target\":[\"https:\\\/\\\/1kbara.com\\\/urun\\\/tirnakli-ek-kapak\\\/\"]}]},{\"@type\":\"ImageObject\",\"inLanguage\":\"en-US\",\"@id\":\"https:\\\/\\\/1kbara.com\\\/urun\\\/tirnakli-ek-kapak\\\/#primaryimage\",\"url\":\"https:\\\/\\\/1kbara.com\\\/wp-content\\\/uploads\\\/2021\\\/08\\\/65-scaled.jpg\",\"contentUrl\":\"https:\\\/\\\/1kbara.com\\\/wp-content\\\/uploads\\\/2021\\\/08\\\/65-scaled.jpg\",\"width\":2560,\"height\":2560},{\"@type\":\"BreadcrumbList\",\"@id\":\"https:\\\/\\\/1kbara.com\\\/urun\\\/tirnakli-ek-kapak\\\/#breadcrumb\",\"itemListElement\":[{\"@type\":\"ListItem\",\"position\":1,\"name\":\"Home\",\"item\":\"https:\\\/\\\/1kbara.com\\\/\"},{\"@type\":\"ListItem\",\"position\":2,\"name\":\"\u00dcr\u00fcnler\",\"item\":\"https:\\\/\\\/1kbara.com\\\/urunler\\\/\"},{\"@type\":\"ListItem\",\"position\":3,\"name\":\"T\u0131rnakl\u0131 Ek Kapak\"}]},{\"@type\":\"WebSite\",\"@id\":\"https:\\\/\\\/1kbara.com\\\/#website\",\"url\":\"https:\\\/\\\/1kbara.com\\\/\",\"name\":\"1K Kutu Bara | Busbar | Power Busbar\",\"description\":\"1K Bara D\u00fcnya i\u00e7in \u00fcretiyoruz\",\"publisher\":{\"@id\":\"https:\\\/\\\/1kbara.com\\\/#organization\"},\"potentialAction\":[{\"@type\":\"SearchAction\",\"target\":{\"@type\":\"EntryPoint\",\"urlTemplate\":\"https:\\\/\\\/1kbara.com\\\/?s={search_term_string}\"},\"query-input\":{\"@type\":\"PropertyValueSpecification\",\"valueRequired\":true,\"valueName\":\"search_term_string\"}}],\"inLanguage\":\"en-US\"},{\"@type\":\"Organization\",\"@id\":\"https:\\\/\\\/1kbara.com\\\/#organization\",\"name\":\"1K Kutu Bara | Busbar | Power Busbar\",\"url\":\"https:\\\/\\\/1kbara.com\\\/\",\"logo\":{\"@type\":\"ImageObject\",\"inLanguage\":\"en-US\",\"@id\":\"https:\\\/\\\/1kbara.com\\\/#\\\/schema\\\/logo\\\/image\\\/\",\"url\":\"https:\\\/\\\/1kbara.com\\\/wp-content\\\/uploads\\\/2024\\\/03\\\/1klogo1-removebg-preview.png\",\"contentUrl\":\"https:\\\/\\\/1kbara.com\\\/wp-content\\\/uploads\\\/2024\\\/03\\\/1klogo1-removebg-preview.png\",\"width\":176,\"height\":124,\"caption\":\"1K Kutu Bara | Busbar | Power Busbar\"},\"image\":{\"@id\":\"https:\\\/\\\/1kbara.com\\\/#\\\/schema\\\/logo\\\/image\\\/\"},\"sameAs\":[\"https:\\\/\\\/www.facebook.com\\\/1Kkutubara\\\/\",\"https:\\\/\\\/www.instagram.com\\\/1kkutubara\"]}]}<\/script>\n<!-- \/ Yoast SEO plugin. -->","yoast_head_json":{"title":"T\u0131rnakl\u0131 Ek Kapak - 1K Trolley Busbar","robots":{"index":"index","follow":"follow","max-snippet":"max-snippet:-1","max-image-preview":"max-image-preview:large","max-video-preview":"max-video-preview:-1"},"canonical":"https:\/\/1kbara.com\/en\/product\/tirnakli-ek-kapak\/","og_locale":"en_US","og_type":"article","og_title":"T\u0131rnakl\u0131 Ek Kapak - 1K Trolley Busbar","og_description":"Kapal\u0131 bar sistemlerimiz vin\u00e7lerin enerji ta\u015f\u0131ma i\u015fleri i\u00e7in kullan\u0131lan sistemlerdir. \u00d6zel tasarlanm\u0131\u015f kapal\u0131 pvc profil i\u00e7inde bak\u0131r bar yollar\u0131 mevcuttur. Enerji arabas\u0131 ile enerjiyi vin\u00e7lere iletir. \u00dcr\u00fcnlerimiz d\u00fcz vin\u00e7 yollar\u0131nda kullan\u0131ma uygundur A\u00e7\u0131k alanlarda kapal\u0131 alanlarda ve k\u0131smen kimyasal buhar\u0131na maruz kalan buharl\u0131 ortamlarda kullan\u0131m\u0131 uygundur .","og_url":"https:\/\/1kbara.com\/en\/product\/tirnakli-ek-kapak\/","og_site_name":"1K Trolley Busbar","article_publisher":"https:\/\/www.facebook.com\/1Kkutubara\/","article_modified_time":"2025-01-24T12:32:16+00:00","og_image":[{"width":2560,"height":2560,"url":"https:\/\/1kbara.com\/wp-content\/uploads\/2021\/08\/65-scaled.jpg","type":"image\/jpeg"}],"twitter_card":"summary_large_image","twitter_misc":{"Est. reading time":"1 minute"},"schema":{"@context":"https:\/\/schema.org","@graph":[{"@type":"WebPage","@id":"https:\/\/1kbara.com\/urun\/tirnakli-ek-kapak\/","url":"https:\/\/1kbara.com\/urun\/tirnakli-ek-kapak\/","name":"T\u0131rnakl\u0131 Ek Kapak - 1K Trolley Busbar","isPartOf":{"@id":"https:\/\/1kbara.com\/#website"},"primaryImageOfPage":{"@id":"https:\/\/1kbara.com\/urun\/tirnakli-ek-kapak\/#primaryimage"},"image":{"@id":"https:\/\/1kbara.com\/urun\/tirnakli-ek-kapak\/#primaryimage"},"thumbnailUrl":"https:\/\/1kbara.com\/wp-content\/uploads\/2021\/08\/65-scaled.jpg","datePublished":"2021-08-27T11:59:19+00:00","dateModified":"2025-01-24T12:32:16+00:00","breadcrumb":{"@id":"https:\/\/1kbara.com\/urun\/tirnakli-ek-kapak\/#breadcrumb"},"inLanguage":"en-US","potentialAction":[{"@type":"ReadAction","target":["https:\/\/1kbara.com\/urun\/tirnakli-ek-kapak\/"]}]},{"@type":"ImageObject","inLanguage":"en-US","@id":"https:\/\/1kbara.com\/urun\/tirnakli-ek-kapak\/#primaryimage","url":"https:\/\/1kbara.com\/wp-content\/uploads\/2021\/08\/65-scaled.jpg","contentUrl":"https:\/\/1kbara.com\/wp-content\/uploads\/2021\/08\/65-scaled.jpg","width":2560,"height":2560},{"@type":"BreadcrumbList","@id":"https:\/\/1kbara.com\/urun\/tirnakli-ek-kapak\/#breadcrumb","itemListElement":[{"@type":"ListItem","position":1,"name":"Home","item":"https:\/\/1kbara.com\/"},{"@type":"ListItem","position":2,"name":"\u00dcr\u00fcnler","item":"https:\/\/1kbara.com\/urunler\/"},{"@type":"ListItem","position":3,"name":"T\u0131rnakl\u0131 Ek Kapak"}]},{"@type":"WebSite","@id":"https:\/\/1kbara.com\/#website","url":"https:\/\/1kbara.com\/","name":"1K Kutu Bara | Busbar | Power Busbar","description":"1K Bara D\u00fcnya i\u00e7in \u00fcretiyoruz","publisher":{"@id":"https:\/\/1kbara.com\/#organization"},"potentialAction":[{"@type":"SearchAction","target":{"@type":"EntryPoint","urlTemplate":"https:\/\/1kbara.com\/?s={search_term_string}"},"query-input":{"@type":"PropertyValueSpecification","valueRequired":true,"valueName":"search_term_string"}}],"inLanguage":"en-US"},{"@type":"Organization","@id":"https:\/\/1kbara.com\/#organization","name":"1K Kutu Bara | Busbar | Power Busbar","url":"https:\/\/1kbara.com\/","logo":{"@type":"ImageObject","inLanguage":"en-US","@id":"https:\/\/1kbara.com\/#\/schema\/logo\/image\/","url":"https:\/\/1kbara.com\/wp-content\/uploads\/2024\/03\/1klogo1-removebg-preview.png","contentUrl":"https:\/\/1kbara.com\/wp-content\/uploads\/2024\/03\/1klogo1-removebg-preview.png","width":176,"height":124,"caption":"1K Kutu Bara | Busbar | Power Busbar"},"image":{"@id":"https:\/\/1kbara.com\/#\/schema\/logo\/image\/"},"sameAs":["https:\/\/www.facebook.com\/1Kkutubara\/","https:\/\/www.instagram.com\/1kkutubara"]}]}},"_links":{"self":[{"href":"https:\/\/1kbara.com\/en\/wp-json\/wp\/v2\/product\/372","targetHints":{"allow":["GET"]}}],"collection":[{"href":"https:\/\/1kbara.com\/en\/wp-json\/wp\/v2\/product"}],"about":[{"href":"https:\/\/1kbara.com\/en\/wp-json\/wp\/v2\/types\/product"}],"replies":[{"embeddable":true,"href":"https:\/\/1kbara.com\/en\/wp-json\/wp\/v2\/comments?post=372"}],"version-history":[{"count":0,"href":"https:\/\/1kbara.com\/en\/wp-json\/wp\/v2\/product\/372\/revisions"}],"wp:featuredmedia":[{"embeddable":true,"href":"https:\/\/1kbara.com\/en\/wp-json\/wp\/v2\/media\/24743"}],"wp:attachment":[{"href":"https:\/\/1kbara.com\/en\/wp-json\/wp\/v2\/media?parent=372"}],"wp:term":[{"taxonomy":"product_brand","embeddable":true,"href":"https:\/\/1kbara.com\/en\/wp-json\/wp\/v2\/product_brand?post=372"},{"taxonomy":"product_cat","embeddable":true,"href":"https:\/\/1kbara.com\/en\/wp-json\/wp\/v2\/product_cat?post=372"},{"taxonomy":"product_tag","embeddable":true,"href":"https:\/\/1kbara.com\/en\/wp-json\/wp\/v2\/product_tag?post=372"}],"curies":[{"name":"wp","href":"https:\/\/api.w.org\/{rel}","templated":true}]}}